{"id":1446,"date":"2019-02-24T21:43:13","date_gmt":"2019-02-25T02:43:13","guid":{"rendered":"https:\/\/dev.acjt.ca\/files\/amf-article-40-1-lvmq\/"},"modified":"2021-06-01T09:40:32","modified_gmt":"2021-06-01T13:40:32","slug":"amf-subsection-40-1-quebec-securities-act-qsa","status":"publish","type":"page","link":"https:\/\/acjt.ca\/en\/files\/amf-subsection-40-1-quebec-securities-act-qsa\/","title":{"rendered":"AMF Subsection 40.1 Quebec Securities Act (QSA)"},"content":{"rendered":"<p>[vc_row css_animation=&#8221;&#8221; row_type=&#8221;row&#8221; use_row_as_full_screen_section=&#8221;no&#8221; type=&#8221;full_width&#8221; angled_section=&#8221;no&#8221; text_align=&#8221;left&#8221; background_image_as_pattern=&#8221;without_pattern&#8221;][vc_column]<div class=\"qode-accordion-holder clearfix qode-toggle qode-initial \">\n\t<h4 class=\"clearfix qode-title-holder\">\n<span class=\"qode-tab-title\">\n\t    <span class=\"qode-tab-title-inner\">\n        Dossier principal    <\/span>\n<\/span>\n<span class=\"qode-accordion-mark\">\n    <span class=\"qode-accordion-mark-icon\">\n        <span class=\"icon_plus\"><\/span>\n        <span class=\"icon_minus-06\"><\/span>\n    <\/span>\n<\/span>\n<\/h4>\n<div  class=\"qode-accordion-content \" >\n    <div class=\"qode-accordion-content-inner\">\n        [vc_column_text]<\/p>\n<ol>\n<li><a href=\"http:\/\/affaires.lapresse.ca\/economie\/quebec\/201605\/05\/01-4978297-le-ministre-carlos-leitao-tient-aux-documents-en-francais.php\">Le ministre Carlos Leit\u00e3o tient aux documents en fran\u00e7ais<\/a>, le 5 mai 2016<em>, La Presse<\/em>.<\/li>\n<li><a href=\"http:\/\/www.assnat.qc.ca\/fr\/video-audio\/archives-parlementaires\/travaux-commissions\/AudioVideo-64523.html\">Enregistrement des travaux de l\u2019Assembl\u00e9e nationale<\/a>, le 21 avril 2016, Engagement du ministre des Finances, Monsieur Carlos Leit\u00e3o \u00e0 ne pas modifier l\u2019article 40.1 en vue d\u2019en all\u00e9ger les exigences linguistiques et \u00e0 ne pas adopter le mod\u00e8le europ\u00e9en de r\u00e9sum\u00e9s.<\/li>\n<li><a href=\"http:\/\/www.droit-inc.com\/article17458-Rona-traduit-ses-documents-de-transaction-avec-Lowe-s\">Rona traduit ses documents de transaction avec Lowe\u2019s<\/a>, le 30 mars 2016 par C\u00e9line Gobert,\u00a0<em>Droit-inc<\/em>.<\/li>\n<li><a href=\"http:\/\/www.journaldequebec.com\/2016\/03\/25\/vente-de-rona-a-lowes-les-droits-des-actionnaires-francophones-bafoues-dit-le-pq\">Vente de Rona \u00e0 Lowe\u2019s: les droits des actionnaires francophones bafou\u00e9s, dit le PQ<\/a>, le 25 mars 2016 par Louis Gagn\u00e9,\u00a0<em>Journal de Qu\u00e9bec<\/em>, Actualit\u00e9 politique.<\/li>\n<li><a href=\"http:\/\/medac.qc.ca\/salle-de-presse\/communiques\/1026-vendre-rona-en-langue-etrangere\">Vendre Rona en langue \u00e9trang\u00e8re<\/a>\u00a0| Le M\u00c9DAC met Rona inc. et Lowe\u2019s\u00a0en demeure, le jeudi 24 mars 2016, communiqu\u00e9 de presse du M\u00c9DAC, Mouvement d\u2019\u00e9ducation et de d\u00e9fense des actionnaires.<\/li>\n<li><a href=\"http:\/\/quebec.huffingtonpost.ca\/louis-fortier\/documents-francais-anglais-amf-vente-rona-droits-langue-francaise_b_9524976.html\">Vente de Rona: l&#8217;AMF n\u00e9glige les droits linguistiques des \u00e9pargnants francophones<\/a>, le 28 mars 2016 par Louis Fortier,\u00a0<em>Huffington Post<\/em>.<\/li>\n<li><a href=\"http:\/\/www.droit-inc.com\/article17412-Vente-de-Rona-l-AMF-a-t-elle-ete-negligente\">Vente de Rona : l\u2019AMF a-t-elle \u00e9t\u00e9 n\u00e9gligente?<\/a>\u00a0le 22 mars 2016 par Louis Fortier,\u00a0<em>Droit-inc<\/em>.<\/li>\n<li><a href=\"http:\/\/acjt.ca\/medias\/63\/lettre_gouvernement_du_quebec_141002.pdf\">R\u00e9ponse du cabinet du premier ministre du Qu\u00e9bec<\/a>\u00a0\u00e0 l&#8217;ACJT,\u00a0le 2 octobre 2014.<\/li>\n<li><a href=\"http:\/\/acjt.ca\/medias\/63\/lettre_louis_fortier_au_ministre_des_finances_quebec_140919.pdf\">Lettre de l&#8217;ACJT<\/a>\u00a0\u00e0 l&#8217;Honorable Carlos J Leit\u00e3o, ministre des Finances du Qu\u00e9bec, le 19 septembre 2014.<\/li>\n<li>Point de vue : <a href=\"http:\/\/acjt.ca\/medias\/63\/anemie_dinscriptions_quebecoises_en_bourse_mai_2014.pdf\">An\u00e9mie d&#8217;inscriptions qu\u00e9b\u00e9coises en bourse<\/a>,\u00a0<em>La Presse+<\/em>, Le 14 mai 2014<\/li>\n<li><a href=\"http:\/\/www.faitsetcauses.com\/2014\/03\/08\/la-langue-francaise-et-les-marches-financiers-font-ils-bon-menage\/\">La langue fran\u00e7aise et les march\u00e9s financiers font-ils bon m\u00e9nage?<\/a>, par Justine Fortin,\u00a0<em>Faits et causes<\/em>, le 8 mars 2014.<\/li>\n<li><a href=\"http:\/\/www.circuitmagazine.org\/prospectus-en-francais-ou-les-tribulations-d-un-traducteur-lobbyiste\">Prospectus en fran\u00e7ais ou les tribulations d&#8217;un traducteur-lobbyiste<\/a>, par Louis Fortier,\u00a0<em>Circuit<\/em>, le magazine d\u2019information des langagiers, hiver 2014.<\/li>\n<li><a href=\"http:\/\/quebec.huffingtonpost.ca\/pascal-cyr\/protection-francais-bonnet-ane-pour-amf_b_4861803.html\">Protection du fran\u00e7ais: le bonnet d&#8217;\u00e2ne pour l&#8217;AMF!<\/a>, Par Pascal Cyr,\u00a0<em>Huffington Post Qu\u00e9bec<\/em>, le 28 f\u00e9vrier 2014.<\/li>\n<li>Communiqu\u00e9 de presse de l&#8217;ACJT : <a href=\"http:\/\/acjt.ca\/medias\/63\/prospectus_en_francais_quebec_tranche_3.pdf\">Prospectus en fran\u00e7ais : Qu\u00e9bec tranche<\/a>, le 3 d\u00e9cembre 2013.<\/li>\n<li><a href=\"http:\/\/acjt.ca\/medias\/63\/reponse_diane_de_courcy_131106.pdf\">R\u00e9ponse de l&#8217;Honorable Diane De Courcy<\/a>, ministre de l&#8217;Immigration et des Communaut\u00e9s culturelles et ministre responsable de la\u00a0<em>Charte de la langue fran\u00e7aise\u00a0<\/em>\u00e0 la lettre de l&#8217;ACJT, le 6 novembre 2013.<\/li>\n<li><a href=\"http:\/\/acjt.ca\/medias\/63\/Lettre_Diane_De_Courcy_131011.pdf\">Lettre de l&#8217;ACJT<\/a>\u00a0\u00e0 l&#8217;Honorable Diane De Courcy, ministre de l&#8217;Immigration et des Communaut\u00e9s culturelles et ministre responsable de la\u00a0<em>Charte de la langue fran\u00e7aise<\/em>, le 11 octobre 2013.<\/li>\n<li>Autorit\u00e9 des march\u00e9s financiers, France\n<ol>\n<li><a href=\"http:\/\/acjt.ca\/medias\/63\/AMF_France%20_lettre_direction_affaires_juridiques_20130926.pdf\">Lettre de la Direction des affaires juridiques <\/a>(AMF France) \u00e0 l&#8217;ACJT, le 26 septembre 2013<\/li>\n<li><a href=\"http:\/\/acjt.ca\/medias\/63\/AMF_France_directive_prospectus_2003_71.pdf\">Directive du Parlement europ\u00e9en et du conseil<\/a>\u00a0concernant le prospectus \u00e0 publier en cas d&#8217;offre au public de valeurs mobili\u00e8res ou en vue de l&#8217;admission de valeurs mobili\u00e8res \u00e0 la n\u00e9gociation<\/li>\n<li><a href=\"http:\/\/www.amf-france.org\/Reglementation\/Reglement-general-et-instructions\/Reglement-general-en-vigueur\/Reglement-general.html\">R\u00e8glement g\u00e9n\u00e9ral en vigueur<\/a>\u00a0: 2013<\/li>\n<li><a href=\"http:\/\/acjt.ca\/medias\/63\/AMF_France_chapitre_1_rapport_annuel_2012.pdf\">Rapport annuel 2012 &#8211; Chapitre 1<\/a>\u00a0: L&#8217;Autorit\u00e9 des march\u00e9s financiers et les \u00e9pargnants<\/li>\n<li><a href=\"http:\/\/acjt.ca\/medias\/63\/AMF_France_rapport_annuel_2012_chapitre_4.pdf\">Rapport annuel 2012 &#8211; Chapitre 4<\/a>\u00a0: Les op\u00e9rations financi\u00e8res et la qualit\u00e9 de l&#8217;information<\/li>\n<li><a href=\"http:\/\/acjt.ca\/medias\/63\/AMF_France_code_monetaire_et_financier.pdf\">Code mon\u00e9taire et financier<\/a>\u00a0de l&#8217;AMF France<\/li>\n<\/ol>\n<\/li>\n<li><a href=\"http:\/\/acjt.ca\/medias\/63\/Lettre_ACJT_ministre_des_Finances_2013-06-07-20v3.pdf\">Lettre de l&#8217;ACJT au ministre des Finances et de l&#8217;\u00c9conomie du Qu\u00e9bec, 7 juin 2013<\/a><\/li>\n<li>Deux courts articles percutants de Claude Hag\u00e8ge, professeur au Coll\u00e8ge de France :\n<ol>\n<li><a href=\"http:\/\/acjt.ca\/medias\/63\/Refusons_le_sabordage_du_francais_Claude_Hagege_Le_Monde.pdf\">\u00ab Refusons le sabordage du fran\u00e7ais \u00bb<\/a>, Le Monde, 25 avril 2013<\/li>\n<li><a href=\"http:\/\/acjt.ca\/medias\/63\/Imposer_sa_langue_c_est_imposer_sa_pensee_Claude_Hagege_Le_Monde.pdf\">\u00ab Imposer sa langue c\u2019est imposer sa pens\u00e9e \u00bb<\/a>, L\u2019Express, 28 mars 2012<\/li>\n<\/ol>\n<\/li>\n<li>M\u00e9moire de Fraser Milner Casgrain (Dentons Canada) sur le projet de loi 14 (<em>Charte de la langue fran\u00e7aise<\/em>)\n<ol>\n<li><a href=\"http:\/\/acjt.ca\/medias\/63\/Memoire_FMC_Examen_du%20projet_de_loi_14.pdf\">Les d\u00e9fis de l\u2019int\u00e9gration de l\u2019\u00e9conomie qu\u00e9b\u00e9coise aux march\u00e9s des capitaux canadiens et am\u00e9ricains, Montr\u00e9al<\/a>, 11 f\u00e9vrier 2013, 24 p.\u00a0<span style=\"font-family: Arial;\">sur le site de l\u2019Assembl\u00e9e nationale du Qu\u00e9bec<\/span><\/li>\n<li><a href=\"http:\/\/www.assnat.qc.ca\/fr\/travaux-parlementaires\/commissions\/cce-40-1\/journal-debats\/CCE-130411.html#15h\">Transcription de la pr\u00e9sentation de M<sup>e<\/sup>\u00a0Michel A. Brunet et M. Pierre Lortie<\/a>\u00a0devant la Commission de la Culture et de l\u2019\u00c9ducation de l\u2019Assembl\u00e9e Nationale du Qu\u00e9bec, 11 avril 2013 \u00e0 15 h<\/li>\n<li><a href=\"http:\/\/www.assnat.qc.ca\/fr\/video-audio\/AudioVideo-45251.html\">Vid\u00e9o de cette pr\u00e9sentation <\/a>(45 minutes)<\/li>\n<\/ol>\n<\/li>\n<li>\n<ol>\n<li><a href=\"http:\/\/www.youtube.com\/watch?v=iDiWrl0tNLI\">Conf\u00e9rence de M<sup>e<\/sup>\u00a0Louis Morisset<\/a>, aujourd\u2019hui pr\u00e9sident-directeur g\u00e9n\u00e9ral de l\u2019AMF (alors Surintendant des<br \/>\nmarch\u00e9s de valeurs de l\u2019AMF), Les Entre-Vues du HEC Montr\u00e9al, \u00ab Une d\u00e9cision d\u2019affaire \u00e9clair\u00e9e :<br \/>\nl\u2019affaire de tous \u00bb (37 minutes, 30 secondes; 7 derni\u00e8res minutes)<\/li>\n<li><a href=\"http:\/\/acjt.ca\/medias\/63\/Transcription_Reponse_Me_Morisset.pdf\">Transcription de la r\u00e9ponse de M<sup>e<\/sup>\u00a0Morisset\u00a0<\/a>\u00e0 une question de M. Fernand Daoust, pr\u00e9sident du M\u00c9DAC<br \/>\net responsable du dossier de la langue fran\u00e7aise<\/li>\n<\/ol>\n<\/li>\n<li><a href=\"http:\/\/acjt.ca\/medias\/63\/Lettre_Alain_Paquet_120124.pdf\">Lettre du ministre d\u00e9l\u00e9gu\u00e9 aux Finances<\/a>\u00a0(Monsieur Alain Paquet) \u00e0 l&#8217;ACJT, le 24 janvier 2012<\/li>\n<\/ol>\n<p>[\/vc_column_text]    <\/div>\n<\/div><h4 class=\"clearfix qode-title-holder\">\n<span class=\"qode-tab-title\">\n\t    <span class=\"qode-tab-title-inner\">\n        Couverture m\u00e9diatique    <\/span>\n<\/span>\n<span class=\"qode-accordion-mark\">\n    <span class=\"qode-accordion-mark-icon\">\n        <span class=\"icon_plus\"><\/span>\n        <span class=\"icon_minus-06\"><\/span>\n    <\/span>\n<\/span>\n<\/h4>\n<div  class=\"qode-accordion-content \" >\n    <div class=\"qode-accordion-content-inner\">\n        [vc_column_text]<\/p>\n<ol>\n<li><a href=\"http:\/\/www.finance-investissement.com\/nouvelles\/reglementation\/commission-unique-le-f-d-ral-laisserait-qu-bec-g-rer-la-langue-des-prospectus\/a\/54409\">Commission unique : le f\u00e9d\u00e9ral laisserait Qu\u00e9bec g\u00e9rer la langue des prospectus<\/a>,<br \/>\nle\u00a012 d\u00e9cembre 2013, par Marie-Claude Frenette,\u00a0<em>Finance et Investissement<\/em>.<\/li>\n<li><a href=\"http:\/\/acjt.ca\/medias\/63\/devoir_debat_linguistique_sur_les_prospectus_131203.pdf\">D\u00e9bat linguistique sur les prospectus : Qu\u00e9bec rassure les juristes-traducteurs ; le fran\u00e7ais reste de mise<\/a>,<br \/>\nle 3 d\u00e9cembre 2013, par Fran\u00e7ois Desjardins,\u00a0<em>Le Devoir<\/em>.<\/li>\n<li><a href=\"http:\/\/www.droit-inc.com\/article11434-2-0-pour-le-francais-BLG-Davis-et-autres&amp;highlight=acjt\">2-0 pour le fran\u00e7ais, L\u2019article 40.1 est maintenu<\/a>, le 21 novembre 2013, par Gilles des Roberts,\u00a0<em>Droit-inc.<\/em><\/li>\n<li><a href=\"http:\/\/acjt.ca\/medias\/63\/asulf%20-%20lexpression%20juste%20-%20no%2054%20-%20septembre%202013.pdf\" target=\"_blank\" rel=\"noopener noreferrer\">Du bilinguisme \u00e0 l\u2019unilinguisme anglais<\/a>, Septembre 2013, par Gaston Bernier,\u00a0<em>L\u2019Expression juste<\/em><\/li>\n<li><a href=\"http:\/\/www.montrealgazette.com\/opinion\/Henry+Aubin+Securities+marginalizes+Quebec\/8844431\/story.html\">\u00ab<em>\u00a0Securities Act marginalizes Quebec\u00a0<\/em>\u00bb<\/a>, le 28 ao\u00fbt 2013, par\u00a0<span style=\"font-family: Arial;\">Henri Aubin,\u00a0<em>The Gazette<\/em><\/span>\n<ol>\n<li><span style=\"font-family: Arial;\"><a href=\"http:\/\/acjt.ca\/medias\/63\/courriel_maurice_forget_a_henri_aubin_the_gazette.pdf\">Courriel de M<sup>e\u00a0<\/sup>Maurice Forget<\/a>, Fasken Martineau \u00e0 M. Henri Aubin<\/span><\/li>\n<li><span style=\"font-family: Arial;\"><a href=\"http:\/\/acjt.ca\/medias\/63\/courriel_henry_aubin_the_gazette_a_maurice_forget_2013-08-30.pdf\">Courriel\u00a0 de M. Henri Aubin\u00a0<\/a>\u00e0 M<sup><span style=\"font-size: xx-small;\">e\u00a0<\/span><\/sup>Maurice Forget, Fasken Martineau<\/span><\/li>\n<\/ol>\n<\/li>\n<li><a href=\"http:\/\/acjt.ca\/medias\/63\/valeurs_mobilieres_acjt_1_dentons_0.pdf\">\u00ab Valeurs mobili\u00e8res : ACJT 1 &#8211; Dentons 0 \u00bb<\/a>,\u00a0le 7 ao\u00fbt 2013, par \u00c9meline Magnier,\u00a0<em>Droit-inc.<\/em><\/li>\n<li><a href=\"http:\/\/acjt.ca\/medias\/63\/investir_en_francais.pdf\">\u00ab Investir en fran\u00e7ais, yes sir ! \u00bb<\/a>, le 7 ao\u00fbt 2013, par St\u00e9phanie Grammond,\u00a0<em>La Presse Affaires<\/em><\/li>\n<li>\n<ol>\n<li><a href=\"http:\/\/www.ledevoir.com\/economie\/actualites-economiques\/384461\/prospectus-en-francais-une-grande-victoire\">\u00ab Libre opinion &#8211; Prospectus en fran\u00e7ais: une grande victoire! \u00bb<\/a>, le 6 ao\u00fbt 2013, par Pascal Cyr,\u00a0<em>Le Devoir<\/em><\/li>\n<li><em><a href=\"http:\/\/acjt.ca\/medias\/63\/letter_to_le_devoir_2013-08-06.pdf\">English version\u00a0<\/a>(translation by Wallace Schwab of article &#8220;Libre opinion &#8211; Prospectus en fran\u00e7ais: une grande victoire!&#8221;)<\/em><\/li>\n<\/ol>\n<\/li>\n<li><a href=\"http:\/\/acjt.ca\/medias\/63\/la_langue_francaise_garde_sa_place.pdf\">\u00ab La langue fran\u00e7aise garde sa place \u00bb<\/a>, le 5 ao\u00fbt 2013, par Agence QMI, TVA Nouvelles<\/li>\n<li><a href=\"http:\/\/acjt.ca\/medias\/63\/le_francais_garde_sa_place_dans_la_finance_quebecoise.pdf\">\u00ab Le fran\u00e7ais garde sa place dans la finance qu\u00e9b\u00e9coise \u00bb<\/a>, le 5 ao\u00fbt 2013, par Agence QMI,\u00a0<em>Journal de Montr\u00e9al<\/em><\/li>\n<li><a href=\"http:\/\/acjt.ca\/medias\/63\/pas_de_passe_droit_le_mot_final_francais.pdf\">\u00ab Pas de passe-droit &#8211; Le mot final : fran\u00e7ais \u00bb<\/a>, le 5 ao\u00fbt 2013, par le Mouvement d&#8217;\u00e9ducation et de d\u00e9fense des actionnaires (M\u00c9DAC)<\/li>\n<li><a href=\"http:\/\/www.dailymotion.com\/video\/xq2a4n_m-fernand-daoust-interpelle-le-surintendant-de-l-amf-sur-la-langue_news\">M. Fernand Daoust interpelle le surintendant de l\u2019AMF sur la langue<\/a>, le 5 ao\u00fbt 2013, par MEDAC_APEIQ<\/li>\n<li><a href=\"http:\/\/acjt.ca\/medias\/63\/vos_finances_investir_en_francais_ou_a_leuropeenne.pdf\">\u00ab Vos finances &#8211; Investir en fran\u00e7ais, ou \u00e0 l&#8217;europ\u00e9enne \u00bb<\/a>, le 3 ao\u00fbt 2013, par G\u00e9rard B\u00e9rub\u00e9,\u00a0<em>Le Devoir<\/em><\/li>\n<li><a href=\"http:\/\/acjt.ca\/medias\/63\/marceau_maintient_la_traduction_integrale_des_prospectus_en_francais.pdf\">\u00ab Marceau maintient la traduction int\u00e9grale des prospectus en fran\u00e7ais \u00bb<\/a>, le 2 ao\u00fbt 2013, par Jean-Fran\u00e7ois Parent,\u00a0<em>Finance et Investissement<\/em><\/li>\n<li><a href=\"http:\/\/www.ledevoir.com\/economie\/actualites-economiques\/384128\/ce-sera-le-statu-quo-dit-le-ministre-marceau\">\u00ab Prospectus en fran\u00e7ais &#8211; Ce sera le statu quo, dit le ministre Marceau \u00bb<\/a>, le 1er ao\u00fbt 2013, par G\u00e9rard B\u00e9rub\u00e9,\u00a0<em>Le Devoir<\/em><\/li>\n<li><a href=\"http:\/\/acjt.ca\/medias\/63\/Le_Jeune_Barreau_defend_le_francais.pdf\">Communiqu\u00e9 de presse de l&#8217;AJBM<\/a>, le 30 juillet 2013<\/li>\n<li><a href=\"http:\/\/acjt.ca\/medias\/63\/Le_Jeune_Barreau_joint_sa_voix_a_lACJT.pdf\"><span style=\"color: #786b41;\">\u00ab Le Jeune Barreau joint sa voix aux juristes pour des prospectus en fran\u00e7ais \u00bb<\/span><\/a>, le 31 juillet 2013, par G\u00e9rard B\u00e9rub\u00e9,\u00a0<em>Le Devoir<\/em><\/li>\n<li><a href=\"http:\/\/www.imperatif-francais.org\/bienvenu\/articles\/2013\/non-au-tout-a-langlais.html\">\u00ab NON AU \u00ab TOUT-\u00c0-L\u2019ANGLAIS \u00bb<\/a>, le 6 juillet 2013, par Jean-Paul Perreault, pr\u00e9sident, Imp\u00e9ratif fran\u00e7ais<\/li>\n<li><a href=\"http:\/\/www.droit-inc.com\/article10446-Valeurs-mobilieres-en-francais-Dentons-se-positionne\"><span style=\"color: #786b41;\">\u00ab Valeurs mobili\u00e8res en fran\u00e7ais : Dentons se positionne \u00bb<\/span><\/a>, le 27 juin 2013, par \u00c9meline Magnier,\u00a0<em>Droit Inc.<\/em><\/li>\n<li><a href=\"http:\/\/www.droit-inc.com\/article10397-Valeurs-mobilieres-Le-francais-en-danger\"><span style=\"color: #786b41;\">\u00ab Valeurs mobili\u00e8res : Le fran\u00e7ais en danger? \u00bb<\/span><\/a>, le 19 juin 2013, par \u00c9meline Magnier,\u00a0<em>Droit Inc.<\/em><\/li>\n<li><a href=\"http:\/\/www.ledevoir.com\/economie\/actualites-economiques\/380730\/les-juristes-traducteurs-s-inquietent-de-l-avenir-des-prospectus-en-francais\"><span style=\"color: #786b41;\">\u00ab Valeurs mobili\u00e8res &#8211; Les juristes-traducteurs s\u2019inqui\u00e8tent de l\u2019avenir des prospectus en fran\u00e7ais \u00bb<\/span><\/a>, le 14 juin 2013, par Fran\u00e7ois Desjardins,\u00a0\u00a0<em>Le Devoir<\/em><\/li>\n<li><a href=\"http:\/\/www.finance-investissement.com\/nouvelles\/nouvelles\/reglementation\/march-primaire-les-petits-metteurs-boudent-le-qu-bec-mais-l-argent-continue-d-y-affluer\/a\/51869\">\u00ab March\u00e9 primaire : les petits \u00e9metteurs boudent le Qu\u00e9bec, mais l&#8217;argent continue d&#8217;y affluer \u00bb<\/a>,\u00a0<em>\u00a0<\/em>le 14 juin 2013, par Jean-Fran\u00e7ois Parent,\u00a0<em>Finance et Investissement<\/em><\/li>\n<li><a href=\"http:\/\/www.lesaffaires.com\/archives\/generale\/le-quebec-boude-et-la-finance-ecope\/557057\"><span style=\"color: #786b41;\">\u00ab Appels publics \u00e0 l\u2019\u00e9pargne \u2013 Le Qu\u00e9bec boud\u00e9, et la finance \u00e9cope \u00bb<\/span><\/a>,\u00a0<em>\u00a0<\/em>le 4 mai 2013, par Jean-Fran\u00e7ois Parent,\u00a0<em>Finance et Investissement<\/em><\/li>\n<li><a href=\"http:\/\/affaires.lapresse.ca\/economie\/services-financiers\/201112\/16\/01-4478391-des-documents-financiers-en-anglais-seulement.php\">\u00ab Des documents financiers <\/a><a href=\"http:\/\/affaires.lapresse.ca\/economie\/services-financiers\/201112\/16\/01-4478391-des-documents-financiers-en-anglais-seulement.php\">en anglais seulement? \u00bb<\/a>, le 16 d\u00e9cembre 2011, par Francis Vailles,\u00a0<em>La Presse<\/em><\/li>\n<li><a href=\"http:\/\/www.rue89.com\/rue89-eco\/2009\/06\/22\/edf-veut-votre-argent-mais-en-anglais-please-108444\"><span style=\"color: #786b41;\">\u00ab EDF veut votre argent, mais en anglais please \u00bb<\/span><\/a>, le 22 juin 2009, par Fran\u00e7ois Krug,\u00a0<em>Rue89<\/em><\/li>\n<\/ol>\n<p>[\/vc_column_text]    <\/div>\n<\/div><h4 class=\"clearfix qode-title-holder\">\n<span class=\"qode-tab-title\">\n\t    <span class=\"qode-tab-title-inner\">\n        Appuis    <\/span>\n<\/span>\n<span class=\"qode-accordion-mark\">\n    <span class=\"qode-accordion-mark-icon\">\n        <span class=\"icon_plus\"><\/span>\n        <span class=\"icon_minus-06\"><\/span>\n    <\/span>\n<\/span>\n<\/h4>\n<div  class=\"qode-accordion-content \" >\n    <div class=\"qode-accordion-content-inner\">\n        [vc_column_text]Liste des organismes et associations qui ont confirm\u00e9 leur appui \u00e0 l&#8217;ACJT dans le dossier de l&#8217;AMF concernant l&#8217;article 40.1 de la\u00a0<em>Loi sur les valeurs mobili\u00e8res\u00a0<\/em>du Qu\u00e9bec :<\/p>\n<ol>\n<li>Association des conseils en gestion linguistique :\n<ol>\n<li><a href=\"http:\/\/acjt.ca\/medias\/63\/acgl_communique_loi%2040_1_decembre_2013.pdf\">Lire le communiqu\u00e9<\/a> du 5 d\u00e9cembre 2013<\/li>\n<li><a href=\"http:\/\/acjt.ca\/medias\/63\/communique_acgl.pdf\">Lire le communiqu\u00e9<\/a>\u00a0du 26 ao\u00fbt 2013<\/li>\n<\/ol>\n<\/li>\n<li>Ordre des traducteurs, terminologues et interpr\u00e8tes agr\u00e9\u00e9s du Qu\u00e9bec. <a href=\"http:\/\/acjt.ca\/medias\/63\/communique_ottiaq-amf.pdf\">Lire le communiqu\u00e9 de presse<\/a><\/li>\n<li>Association du Jeune Barreau de Montr\u00e9al (AJBM). <a href=\"http:\/\/acjt.ca\/medias\/63\/Le_Jeune_Barreau_defend_le_francais.pdf\">Lire le communiqu\u00e9 de presse<\/a><\/li>\n<li>Mouvement d&#8217;\u00e9ducation et de d\u00e9fense des actionnaires (M\u00c9DAC). <a href=\"http:\/\/medac.qc.ca\/index.php?option=com_content&amp;task=blogcategory&amp;id=16&amp;Itemid=34\">Lire l&#8217;article<\/a><\/li>\n<li>Imp\u00e9ratif fran\u00e7ais. <a href=\"http:\/\/www.imperatif-francais.org\/bienvenu\/articles\/2013\/non-au-tout-a-langlais.html\">Lire l&#8217;article<\/a><\/li>\n<\/ol>\n<p>[\/vc_column_text]    <\/div>\n<\/div><h4 class=\"clearfix qode-title-holder\">\n<span class=\"qode-tab-title\">\n\t    <span class=\"qode-tab-title-inner\">\n        Autres documents d&#039;int\u00e9r\u00eat    <\/span>\n<\/span>\n<span class=\"qode-accordion-mark\">\n    <span class=\"qode-accordion-mark-icon\">\n        <span class=\"icon_plus\"><\/span>\n        <span class=\"icon_minus-06\"><\/span>\n    <\/span>\n<\/span>\n<\/h4>\n<div  class=\"qode-accordion-content \" >\n    <div class=\"qode-accordion-content-inner\">\n        [vc_column_text]<\/p>\n<ol>\n<li><a href=\"http:\/\/acjt.ca\/medias\/63\/cirano_pape_2014rp-09.pdf\">Le premier appel public \u00e0 l&#8217;\u00e9pargne et les soci\u00e9t\u00e9s qu\u00e9b\u00e9coises : \u00e9tat de la situation<\/a>, Michel Magnan, Bryan Campbell avec la collaboration de Laurence Allaire Jean et Jonathan Wang, CIRANO, Centre interuniversitaire de recherche en analyse des organisations, septembre 2014.<\/li>\n<li><a href=\"http:\/\/acjt.ca\/medias\/63\/ue_document_quality_control_summary_fr.pdf\">\u00c9tudes sur la traduction et le multilinguisme<\/a>, Contr\u00f4le de la qualit\u00e9 de documents dans les administrations publiques et les organisations internationales (r\u00e9sum\u00e9), Commission europ\u00e9enne, f\u00e9vrier 2013.<\/li>\n<li><a href=\"http:\/\/acjt.ca\/medias\/63\/Discours_Abdou_Diouf_Quebec_02_juillet_2012.pdf\">Discours d\u2019ouverture <\/a>que le Secr\u00e9taire g\u00e9n\u00e9ral de la Francophonie, Monsieur Abdou Diouf, a prononc\u00e9 au premier\u00a0<em>Forum mondial de la langue fran\u00e7aise<\/em>, tenu \u00e0 Qu\u00e9bec le 2 juillet 2012<\/li>\n<li>Deux courts et tr\u00e8s int\u00e9ressants articles r\u00e9dig\u00e9 par le pr\u00e9sident du cabinet de traducteurs Anglocom (<a href=\"http:\/\/www.anglocom.com\/\">www.anglocom.com<\/a>), M. Grant Hamilton, trad. a., publi\u00e9s dans la revue de l\u2019American Translators Association :\n<ol>\n<li><a href=\"http:\/\/acjt.ca\/medias\/63\/Translating_for_Quebec_Grant_Hamilton.pdf\">\u00ab Translating for Quebec : Eight Essential Rules to Follow \u00bb<\/a>, The Chronicle, avril 2012, pages 20 \u00e0 23<\/li>\n<li><a href=\"http:\/\/acjt.ca\/medias\/63\/Translation_in_Canada_Grant_Hamilton.pdf\">\u00ab Translation in Canada \u00bb<\/a>, The Chronicle, octobre 2010, pages 12 \u00e0 15<\/li>\n<\/ol>\n<\/li>\n<li><a href=\"http:\/\/acjt.ca\/medias\/63\/Circulaire_emploi_langue_francaise_France_2013_04_25.pdf\">Circulaire relative \u00e0 l\u2019emploi de la langue fran\u00e7aise <\/a>du Premier Ministre fran\u00e7ais Jean-Marc Ayrault dat\u00e9e du 25 avril 2013<\/li>\n<li>UNESCO, <a href=\"http:\/\/acjt.ca\/medias\/63\/UNESCO_textes_fondamentaux.pdf\">Convention sur la protection et la promotion de la diversit\u00e9 des expressions culturelles\u00a0<\/a>(Paris, 2005, en vigueur)<\/li>\n<li>Autorit\u00e9 des march\u00e9s financiers, <a href=\"http:\/\/acjt.ca\/medias\/63\/Dechiffrez-prospectus.pdf\">D\u00e9chiffrez le prospectus<\/a>, 2006, 16 p.,<\/li>\n<li>Article de Monsieur Gaston Pellet, <a href=\"http:\/\/acjt.ca\/medias\/63\/Monde%20diplomatique_Gaston%20Pellet_elites_et_langue_francaise.pdf\">\u00ab Les \u00e9lites sacrifient la langue fran\u00e7aise \u00bb<\/a>, Le Monde diplomatique, d\u00e9cembre 2010. Monsieur Pellet est administrateur du site D\u00e9fense de la langue fran\u00e7aise, <a href=\"http:\/\/www.defenselanguefrancaise.org\/\">www.defenselanguefrancaise.org<\/a>, et membre du bureau du Courriel (Collectif unitaire r\u00e9publicain pour la r\u00e9sistance, l\u2019initiative et l\u2019\u00e9mancipation linguistique)<\/li>\n<\/ol>\n<p>[\/vc_column_text]    <\/div>\n<\/div><\/div>[\/vc_column][\/vc_row]<\/p>\n","protected":false},"excerpt":{"rendered":"<p>[vc_row css_animation=&#8221;&#8221; row_type=&#8221;row&#8221; use_row_as_full_screen_section=&#8221;no&#8221; type=&#8221;full_width&#8221; angled_section=&#8221;no&#8221; text_align=&#8221;left&#8221; background_image_as_pattern=&#8221;without_pattern&#8221;][vc_column][\/vc_column][\/vc_row]<\/p>\n","protected":false},"author":1,"featured_media":0,"parent":1439,"menu_order":0,"comment_status":"closed","ping_status":"closed","template":"","meta":{"footnotes":""},"class_list":["post-1446","page","type-page","status-publish","hentry"],"acf":[],"_links":{"self":[{"href":"https:\/\/acjt.ca\/en\/wp-json\/wp\/v2\/pages\/1446","targetHints":{"allow":["GET"]}}],"collection":[{"href":"https:\/\/acjt.ca\/en\/wp-json\/wp\/v2\/pages"}],"about":[{"href":"https:\/\/acjt.ca\/en\/wp-json\/wp\/v2\/types\/page"}],"author":[{"embeddable":true,"href":"https:\/\/acjt.ca\/en\/wp-json\/wp\/v2\/users\/1"}],"replies":[{"embeddable":true,"href":"https:\/\/acjt.ca\/en\/wp-json\/wp\/v2\/comments?post=1446"}],"version-history":[{"count":1,"href":"https:\/\/acjt.ca\/en\/wp-json\/wp\/v2\/pages\/1446\/revisions"}],"predecessor-version":[{"id":1573,"href":"https:\/\/acjt.ca\/en\/wp-json\/wp\/v2\/pages\/1446\/revisions\/1573"}],"up":[{"embeddable":true,"href":"https:\/\/acjt.ca\/en\/wp-json\/wp\/v2\/pages\/1439"}],"wp:attachment":[{"href":"https:\/\/acjt.ca\/en\/wp-json\/wp\/v2\/media?parent=1446"}],"curies":[{"name":"wp","href":"https:\/\/api.w.org\/{rel}","templated":true}]}}