{"id":1437,"date":"2021-05-25T12:51:00","date_gmt":"2021-05-25T16:51:00","guid":{"rendered":"https:\/\/dev.acjt.ca\/?page_id=1437"},"modified":"2022-09-21T14:07:15","modified_gmt":"2022-09-21T18:07:15","slug":"thank-you","status":"publish","type":"page","link":"https:\/\/acjt.ca\/en\/becoming-a-member\/thank-you\/","title":{"rendered":"Thank you!"},"content":{"rendered":"<p>[vc_row css_animation=&#8221;&#8221; row_type=&#8221;row&#8221; use_row_as_full_screen_section=&#8221;no&#8221; type=&#8221;full_width&#8221; angled_section=&#8221;no&#8221; text_align=&#8221;left&#8221; background_image_as_pattern=&#8221;without_pattern&#8221;][vc_column width=&#8221;1\/4&#8243;][\/vc_column][vc_column width=&#8221;1\/2&#8243;][vc_column_text]<\/p>\n<h2 style=\"text-align: center;\">Thank you for your membership!<\/h2>\n<p><strong>Please send your payment:<\/strong><\/p>\n<p><strong>1. By cheque to the following address:<\/strong><br \/>\nACJT Attn: Ordre des traducteurs, terminologues et interpr\u00e8tes du Qu\u00e9bec (OTTIAQ)<br \/>\n2021 Union Avenue, Suite 1108<br \/>\nMontr\u00e9al, Quebec<br \/>\nH3A 2S9<\/p>\n<p><strong>2. Directly online with Paypal by clicking on the following link:<\/strong>[\/vc_column_text][vc_empty_space height=&#8221;16px&#8221;][\/vc_column][vc_column width=&#8221;1\/4&#8243;][\/vc_column][\/vc_row][vc_row css_animation=&#8221;&#8221; row_type=&#8221;row&#8221; use_row_as_full_screen_section=&#8221;no&#8221; type=&#8221;full_width&#8221; angled_section=&#8221;no&#8221; text_align=&#8221;center&#8221; background_image_as_pattern=&#8221;without_pattern&#8221; z_index=&#8221;&#8221;][vc_column width=&#8221;1\/4&#8243;][\/vc_column][vc_column width=&#8221;1\/2&#8243;][vc_column_text]<\/p>\n<p style=\"text-align: center;\"><strong>Please choose the amount related to your subscription type<\/strong><\/p>\n<p>[\/vc_column_text][vc_raw_js]JTNDZm9ybSUyMGFjdGlvbiUzRCUyMmh0dHBzJTNBJTJGJTJGd3d3LnBheXBhbC5jb20lMkZjZ2ktYmluJTJGd2Vic2NyJTIyJTIwbWV0aG9kJTNEJTIycG9zdCUyMiUyMHRhcmdldCUzRCUyMl90b3AlMjIlM0UlMEElM0NpbnB1dCUyMHR5cGUlM0QlMjJoaWRkZW4lMjIlMjBuYW1lJTNEJTIyY21kJTIyJTIwdmFsdWUlM0QlMjJfcy14Y2xpY2slMjIlM0UlMEElM0NpbnB1dCUyMHR5cGUlM0QlMjJoaWRkZW4lMjIlMjBuYW1lJTNEJTIyaG9zdGVkX2J1dHRvbl9pZCUyMiUyMHZhbHVlJTNEJTIyUlk3Q1hBUFVNUVVETCUyMiUzRSUwQSUzQ3RhYmxlJTIwc3R5bGUlM0QlMjJ3aWR0aCUzQTEwMCUyNSUzQm1hcmdpbi10b3AlM0EwcHglM0IlMjIlM0UlMEElM0N0ciUzRSUzQ3RkJTNFJTNDaW5wdXQlMjB0eXBlJTNEJTIyaGlkZGVuJTIyJTIwbmFtZSUzRCUyMmNoYXJzZXQlMjIlMjB2YWx1ZSUzRCUyMnV0Zi04JTIyJTNFJTNDaW5wdXQlMjB0eXBlJTNEJTIyaGlkZGVuJTIyJTIwbmFtZSUzRCUyMm9uMCUyMiUyMHZhbHVlJTNEJTIyT3B0aW9ucyUyMGQlMjdhYm9ubmVtZW50JTIyJTNFJTNDJTJGdGQlM0UlM0MlMkZ0ciUzRSUzQ3RyJTNFJTNDdGQlM0UlM0NzZWxlY3QlMjBuYW1lJTNEJTIyb3MwJTIyJTNFJTBBJTA5JTNDb3B0aW9uJTIwdmFsdWUlM0QlMjJNZW1icmUlMjByJUMzJUE5Z3VsaWVyJTIyJTNFTWVtYnJlJTIwciVDMyVBOWd1bGllciUyMCUyNDEwMCUyQzAwJTIwQ0FEJTNDJTJGb3B0aW9uJTNFJTBBJTA5JTNDb3B0aW9uJTIwdmFsdWUlM0QlMjJNZW1icmUlMjAlQzMlQTl0dWRpYW50JTIyJTNFTWVtYnJlJTIwJUMzJUE5dHVkaWFudCUyMCUyNDI1JTJDMDAlMjBDQUQlM0MlMkZvcHRpb24lM0UlMEElM0MlMkZzZWxlY3QlM0UlMjAlM0MlMkZ0ZCUzRSUzQyUyRnRyJTNFJTBBJTNDJTJGdGFibGUlM0UlMEElM0NpbnB1dCUyMHR5cGUlM0QlMjJoaWRkZW4lMjIlMjBuYW1lJTNEJTIyY3VycmVuY3lfY29kZSUyMiUyMHZhbHVlJTNEJTIyQ0FEJTIyJTNFJTBBJTNDaW5wdXQlMjB0eXBlJTNEJTIyaW1hZ2UlMjIlMjBzcmMlM0QlMjJodHRwcyUzQSUyRiUyRnd3dy5wYXlwYWxvYmplY3RzLmNvbSUyRmZyX0NBJTJGaSUyRmJ0biUyRmJ0bl9idXlub3dDQ19MRy5naWYlMjIlMjBib3JkZXIlM0QlMjIwJTIyJTIwbmFtZSUzRCUyMnN1Ym1pdCUyMiUyMGFsdCUzRCUyMlBheVBhbCUyMC0lMjBsYSUyMHNvbHV0aW9uJTIwZGUlMjBwYWllbWVudCUyMGVuJTIwbGlnbmUlMjBsYSUyMHBsdXMlMjBzaW1wbGUlMjBldCUyMGxhJTIwcGx1cyUyMHMlQzMlQTljdXJpcyVDMyVBOWUlMjAlMjElMjIlM0UlMEElM0NpbWclMjBhbHQlM0QlMjIlMjIlMjBib3JkZXIlM0QlMjIwJTIyJTIwc3JjJTNEJTIyaHR0cHMlM0ElMkYlMkZ3d3cucGF5cGFsb2JqZWN0cy5jb20lMkZmcl9DQSUyRmklMkZzY3IlMkZwaXhlbC5naWYlMjIlMjB3aWR0aCUzRCUyMjElMjIlMjBoZWlnaHQlM0QlMjIxJTIyJTNFJTBBJTNDJTJGZm9ybSUzRQ==[\/vc_raw_js][\/vc_column][vc_column width=&#8221;1\/4&#8243;][\/vc_column][\/vc_row]<\/p>\n","protected":false},"excerpt":{"rendered":"<p>[vc_row css_animation=&#8221;&#8221; row_type=&#8221;row&#8221; use_row_as_full_screen_section=&#8221;no&#8221; type=&#8221;full_width&#8221; angled_section=&#8221;no&#8221; text_align=&#8221;left&#8221; background_image_as_pattern=&#8221;without_pattern&#8221;][vc_column width=&#8221;1\/4&#8243;][\/vc_column][vc_column width=&#8221;1\/2&#8243;][vc_column_text] Thank you for your membership! Please send your payment: 1. By cheque to the following address: ACJT Attn: Ordre des traducteurs, terminologues et interpr\u00e8tes du Qu\u00e9bec (OTTIAQ) 2021 Union Avenue, Suite 1108 Montr\u00e9al, Quebec H3A&#8230;<\/p>\n","protected":false},"author":1,"featured_media":0,"parent":1435,"menu_order":0,"comment_status":"closed","ping_status":"closed","template":"","meta":{"footnotes":""},"class_list":["post-1437","page","type-page","status-publish","hentry"],"acf":[],"_links":{"self":[{"href":"https:\/\/acjt.ca\/en\/wp-json\/wp\/v2\/pages\/1437","targetHints":{"allow":["GET"]}}],"collection":[{"href":"https:\/\/acjt.ca\/en\/wp-json\/wp\/v2\/pages"}],"about":[{"href":"https:\/\/acjt.ca\/en\/wp-json\/wp\/v2\/types\/page"}],"author":[{"embeddable":true,"href":"https:\/\/acjt.ca\/en\/wp-json\/wp\/v2\/users\/1"}],"replies":[{"embeddable":true,"href":"https:\/\/acjt.ca\/en\/wp-json\/wp\/v2\/comments?post=1437"}],"version-history":[{"count":5,"href":"https:\/\/acjt.ca\/en\/wp-json\/wp\/v2\/pages\/1437\/revisions"}],"predecessor-version":[{"id":2068,"href":"https:\/\/acjt.ca\/en\/wp-json\/wp\/v2\/pages\/1437\/revisions\/2068"}],"up":[{"embeddable":true,"href":"https:\/\/acjt.ca\/en\/wp-json\/wp\/v2\/pages\/1435"}],"wp:attachment":[{"href":"https:\/\/acjt.ca\/en\/wp-json\/wp\/v2\/media?parent=1437"}],"curies":[{"name":"wp","href":"https:\/\/api.w.org\/{rel}","templated":true}]}}