{"id":1429,"date":"2021-05-25T12:44:00","date_gmt":"2021-05-25T16:44:00","guid":{"rendered":"https:\/\/dev.acjt.ca\/?page_id=1429"},"modified":"2025-03-11T08:05:23","modified_gmt":"2025-03-11T12:05:23","slug":"contact-us","status":"publish","type":"page","link":"https:\/\/acjt.ca\/en\/contact-us\/","title":{"rendered":"Contact us"},"content":{"rendered":"<p>[vc_row css_animation=&#8221;&#8221; row_type=&#8221;row&#8221; use_row_as_full_screen_section=&#8221;no&#8221; type=&#8221;full_width&#8221; angled_section=&#8221;no&#8221; text_align=&#8221;left&#8221; background_image_as_pattern=&#8221;without_pattern&#8221;][vc_column width=&#8221;1\/2&#8243;][vc_column_text]<\/p>\n<h2>CANADIAN ASSOCIATION OF<br \/>\nLEGAL TRANSLATORS (ACJT\u2013CALT)<\/h2>\n<p>To the attention of the Ordre des traducteurs, terminologues et interpr\u00e8tes agr\u00e9\u00e9s du Qu\u00e9bec (OTTIAQ)<\/p>\n<p>2021 Union Avenue, Suite 1108<br \/>\nMontr\u00e9al, Quebec<br \/>\nH3A 2S9<a href=\"mailto:info@acjt.ca\"><br \/>\ninfo@acjt.ca<\/a>[\/vc_column_text][\/vc_column][vc_column width=&#8221;1\/2&#8243;][vc_gmaps link=&#8221;#E-8_JTNDaWZyYW1lJTIwc3JjJTNEJTIyaHR0cHMlM0ElMkYlMkZ3d3cuZ29vZ2xlLmNvbSUyRm1hcHMlMkZlbWJlZCUzRnBiJTNEJTIxMW0xOCUyMTFtMTIlMjExbTMlMjExZDI3OTYuMjQ5MzU3NjYxNTQxJTIxMmQtNzMuNTczNTg2MzQ4NzMzNzQlMjEzZDQ1LjUwNTA1ODczODYzNDM1JTIxMm0zJTIxMWYwJTIxMmYwJTIxM2YwJTIxM20yJTIxMWkxMDI0JTIxMmk3NjglMjE0ZjEzLjElMjEzbTMlMjExbTIlMjExczB4NGNjOTFhNDY3MzQzMGU4ZiUyNTNBMHg0ZjVjZDc0ODM3NDFhZDFjJTIxMnNBc3NvY2lhdGlvbiUyQmNhbmFkaWVubmUlMkJkZXMlMkJqdXJpc3Rlcy10cmFkdWN0ZXVycyUyMTVlMCUyMTNtMiUyMTFzZW4lMjEyc2NhJTIxNHYxNTUxMDI5MDY5NjQ4JTIyJTIwd2lkdGglM0QlMjI2MDAlMjIlMjBoZWlnaHQlM0QlMjI0NTAlMjIlMjBmcmFtZWJvcmRlciUzRCUyMjAlMjIlMjBzdHlsZSUzRCUyMmJvcmRlciUzQTAlMjIlMjBhbGxvd2Z1bGxzY3JlZW4lM0UlM0MlMkZpZnJhbWUlM0U=&#8221; size=&#8221;400px&#8221;][\/vc_column][\/vc_row]<\/p>\n","protected":false},"excerpt":{"rendered":"<p>[vc_row css_animation=&#8221;&#8221; row_type=&#8221;row&#8221; use_row_as_full_screen_section=&#8221;no&#8221; type=&#8221;full_width&#8221; angled_section=&#8221;no&#8221; text_align=&#8221;left&#8221; background_image_as_pattern=&#8221;without_pattern&#8221;][vc_column width=&#8221;1\/2&#8243;][vc_column_text] CANADIAN ASSOCIATION OF LEGAL TRANSLATORS (ACJT\u2013CALT) To the attention of the Ordre des traducteurs, terminologues et interpr\u00e8tes agr\u00e9\u00e9s du Qu\u00e9bec (OTTIAQ) 2021 Union Avenue, Suite 1108 Montr\u00e9al, Quebec H3A 2S9 info@acjt.ca[\/vc_column_text][\/vc_column][vc_column width=&#8221;1\/2&#8243;][vc_gmaps link=&#8221;#E-8_JTNDaWZyYW1lJTIwc3JjJTNEJTIyaHR0cHMlM0ElMkYlMkZ3d3cuZ29vZ2xlLmNvbSUyRm1hcHMlMkZlbWJlZCUzRnBiJTNEJTIxMW0xOCUyMTFtMTIlMjExbTMlMjExZDI3OTYuMjQ5MzU3NjYxNTQxJTIxMmQtNzMuNTczNTg2MzQ4NzMzNzQlMjEzZDQ1LjUwNTA1ODczODYzNDM1JTIxMm0zJTIxMWYwJTIxMmYwJTIxM2YwJTIxM20yJTIxMWkxMDI0JTIxMmk3NjglMjE0ZjEzLjElMjEzbTMlMjExbTIlMjExczB4NGNjOTFhNDY3MzQzMGU4ZiUyNTNBMHg0ZjVjZDc0ODM3NDFhZDFjJTIxMnNBc3NvY2lhdGlvbiUyQmNhbmFkaWVubmUlMkJkZXMlMkJqdXJpc3Rlcy10cmFkdWN0ZXVycyUyMTVlMCUyMTNtMiUyMTFzZW4lMjEyc2NhJTIxNHYxNTUxMDI5MDY5NjQ4JTIyJTIwd2lkdGglM0QlMjI2MDAlMjIlMjBoZWlnaHQlM0QlMjI0NTAlMjIlMjBmcmFtZWJvcmRlciUzRCUyMjAlMjIlMjBzdHlsZSUzRCUyMmJvcmRlciUzQTAlMjIlMjBhbGxvd2Z1bGxzY3JlZW4lM0UlM0MlMkZpZnJhbWUlM0U=&#8221; size=&#8221;400px&#8221;][\/vc_column][\/vc_row]<\/p>\n","protected":false},"author":1,"featured_media":0,"parent":0,"menu_order":0,"comment_status":"closed","ping_status":"closed","template":"","meta":{"footnotes":""},"class_list":["post-1429","page","type-page","status-publish","hentry"],"acf":[],"_links":{"self":[{"href":"https:\/\/acjt.ca\/en\/wp-json\/wp\/v2\/pages\/1429","targetHints":{"allow":["GET"]}}],"collection":[{"href":"https:\/\/acjt.ca\/en\/wp-json\/wp\/v2\/pages"}],"about":[{"href":"https:\/\/acjt.ca\/en\/wp-json\/wp\/v2\/types\/page"}],"author":[{"embeddable":true,"href":"https:\/\/acjt.ca\/en\/wp-json\/wp\/v2\/users\/1"}],"replies":[{"embeddable":true,"href":"https:\/\/acjt.ca\/en\/wp-json\/wp\/v2\/comments?post=1429"}],"version-history":[{"count":5,"href":"https:\/\/acjt.ca\/en\/wp-json\/wp\/v2\/pages\/1429\/revisions"}],"predecessor-version":[{"id":2361,"href":"https:\/\/acjt.ca\/en\/wp-json\/wp\/v2\/pages\/1429\/revisions\/2361"}],"wp:attachment":[{"href":"https:\/\/acjt.ca\/en\/wp-json\/wp\/v2\/media?parent=1429"}],"curies":[{"name":"wp","href":"https:\/\/api.w.org\/{rel}","templated":true}]}}